{"id":28,"date":"2024-02-25T09:23:54","date_gmt":"2024-02-25T09:23:54","guid":{"rendered":"https:\/\/patrycjatruszkowska.pl\/?page_id=28"},"modified":"2024-02-25T19:24:54","modified_gmt":"2024-02-25T19:24:54","slug":"hello-arte","status":"publish","type":"page","link":"https:\/\/patrycjatruszkowska.pl\/index.php\/hello-arte\/","title":{"rendered":"Hello arte"},"content":{"rendered":"\n<p><\/p>\n\n\n\n<p>Warsztaty indywidualne i grupowe dla ka\u017cdego. Arteterapia <strong>wspiera rozw\u00f3j<\/strong> osobisty, samopoznanie i samo\u015bwiadomo\u015b\u0107. Pomaga r\u00f3wnie\u017c <strong>radzi\u0107 sobie z<\/strong> trudnymi emocjami jak i <strong>stresem<\/strong>. Pobudza tak\u017ce do <strong>kreatywno\u015bci<\/strong> jak i <strong>my\u015blenia krytycznego<\/strong>.<\/p>\n\n\n\n<hr class=\"wp-block-separator has-alpha-channel-opacity\"\/>\n\n\n\n<figure class=\"wp-block-image size-large\"><img loading=\"lazy\" decoding=\"async\" width=\"1024\" height=\"577\" src=\"http:\/\/patrycjatruszkowska.pl\/wp-content\/uploads\/2024\/02\/2-1024x577.png\" alt=\"\" class=\"wp-image-104\" srcset=\"https:\/\/patrycjatruszkowska.pl\/wp-content\/uploads\/2024\/02\/2-1024x577.png 1024w, https:\/\/patrycjatruszkowska.pl\/wp-content\/uploads\/2024\/02\/2-300x169.png 300w, https:\/\/patrycjatruszkowska.pl\/wp-content\/uploads\/2024\/02\/2-768x433.png 768w, https:\/\/patrycjatruszkowska.pl\/wp-content\/uploads\/2024\/02\/2-1536x865.png 1536w, https:\/\/patrycjatruszkowska.pl\/wp-content\/uploads\/2024\/02\/2-500x282.png 500w, https:\/\/patrycjatruszkowska.pl\/wp-content\/uploads\/2024\/02\/2-800x451.png 800w, https:\/\/patrycjatruszkowska.pl\/wp-content\/uploads\/2024\/02\/2-1280x721.png 1280w, https:\/\/patrycjatruszkowska.pl\/wp-content\/uploads\/2024\/02\/2.png 1640w\" sizes=\"auto, (max-width: 767px) 89vw, (max-width: 1000px) 54vw, (max-width: 1071px) 543px, 580px\" \/><\/figure>\n\n\n\n<p><strong>Spotkania grupowe<\/strong><\/p>\n\n\n\n<p>W trakcie spotka\u0144 pracujemy nad r\u00f3\u017cnymi tematami. Tworzymy prace w oparciu o kr\u00f3tkie wprowadzenie oraz wsp\u00f3ln\u0105 wizualizacj\u0119. Na koniec prowadzimy rozmow\u0119 na temat wykonanych prac, w trakcie kt\u00f3rej dzielimy si\u0119 naszymi refleksjami i spostrze\u017ceniami. Celem warsztat\u00f3w jest tak\u017ce integracja, wzmacnianie poczucia wsp\u00f3lnotowo\u015bci oraz budowania relacji.<\/p>\n\n\n\n<p><a href=\"https:\/\/patrycjatruszkowska.pl\/index.php\/kontakt\/\" data-type=\"link\" data-id=\"https:\/\/patrycjatruszkowska.pl\/index.php\/kontakt\/\">UM\u00d3W SI\u0118 NA SESJ\u0118<\/a><\/p>\n\n\n\n<hr class=\"wp-block-separator has-alpha-channel-opacity\"\/>\n\n\n\n<figure class=\"wp-block-image size-large\"><img loading=\"lazy\" decoding=\"async\" width=\"1024\" height=\"577\" src=\"http:\/\/patrycjatruszkowska.pl\/wp-content\/uploads\/2024\/02\/3-1024x577.png\" alt=\"\" class=\"wp-image-105\" srcset=\"https:\/\/patrycjatruszkowska.pl\/wp-content\/uploads\/2024\/02\/3-1024x577.png 1024w, https:\/\/patrycjatruszkowska.pl\/wp-content\/uploads\/2024\/02\/3-300x169.png 300w, https:\/\/patrycjatruszkowska.pl\/wp-content\/uploads\/2024\/02\/3-768x433.png 768w, https:\/\/patrycjatruszkowska.pl\/wp-content\/uploads\/2024\/02\/3-1536x865.png 1536w, https:\/\/patrycjatruszkowska.pl\/wp-content\/uploads\/2024\/02\/3-500x282.png 500w, https:\/\/patrycjatruszkowska.pl\/wp-content\/uploads\/2024\/02\/3-800x451.png 800w, https:\/\/patrycjatruszkowska.pl\/wp-content\/uploads\/2024\/02\/3-1280x721.png 1280w, https:\/\/patrycjatruszkowska.pl\/wp-content\/uploads\/2024\/02\/3.png 1640w\" sizes=\"auto, (max-width: 767px) 89vw, (max-width: 1000px) 54vw, (max-width: 1071px) 543px, 580px\" \/><\/figure>\n\n\n\n<p><strong>Spotkania indywidualne<\/strong><\/p>\n\n\n\n<p>Szukasz spotka\u0144 dopasowanych do Twoich oczekiwa\u0144? Warsztaty indywidualne umo\u017cliwiaj\u0105 na dostosowanie sesji do Twoich cel\u00f3w i potrzeb. Uk\u0142adamy prac\u0119 koncentruj\u0105c si\u0119 na wa\u017cnych dla Ciebie obszarach. Omawiamy temat, przechodzimy przez wizualizacj\u0119, po kt\u00f3rej tworzysz prac\u0119. Nast\u0119pnie j\u0105 omawiamy tworz\u0105c przestrze\u0144 do Twoich interpretacji, nadawania jej sensu oraz znaczenia.&nbsp;<\/p>\n\n\n\n<p><a href=\"https:\/\/patrycjatruszkowska.pl\/index.php\/kontakt\/\" data-type=\"link\" data-id=\"https:\/\/patrycjatruszkowska.pl\/index.php\/kontakt\/\">UM\u00d3W SI\u0118 NA SESJ\u0118<\/a><\/p>\n\n\n\n<hr class=\"wp-block-separator has-alpha-channel-opacity\"\/>\n\n\n\n<figure class=\"wp-block-image size-large\"><img loading=\"lazy\" decoding=\"async\" width=\"1024\" height=\"577\" src=\"http:\/\/patrycjatruszkowska.pl\/wp-content\/uploads\/2024\/02\/6-1024x577.png\" alt=\"\" class=\"wp-image-108\" srcset=\"https:\/\/patrycjatruszkowska.pl\/wp-content\/uploads\/2024\/02\/6-1024x577.png 1024w, https:\/\/patrycjatruszkowska.pl\/wp-content\/uploads\/2024\/02\/6-300x169.png 300w, https:\/\/patrycjatruszkowska.pl\/wp-content\/uploads\/2024\/02\/6-768x433.png 768w, https:\/\/patrycjatruszkowska.pl\/wp-content\/uploads\/2024\/02\/6-1536x865.png 1536w, https:\/\/patrycjatruszkowska.pl\/wp-content\/uploads\/2024\/02\/6-500x282.png 500w, https:\/\/patrycjatruszkowska.pl\/wp-content\/uploads\/2024\/02\/6-800x451.png 800w, https:\/\/patrycjatruszkowska.pl\/wp-content\/uploads\/2024\/02\/6-1280x721.png 1280w, https:\/\/patrycjatruszkowska.pl\/wp-content\/uploads\/2024\/02\/6.png 1640w\" sizes=\"auto, (max-width: 767px) 89vw, (max-width: 1000px) 54vw, (max-width: 1071px) 543px, 580px\" \/><\/figure>\n\n\n\n<p><strong>Spotkania dla Twojej organizacji<\/strong><\/p>\n\n\n\n<p>Poszukujesz kreatywnych i oryginalnych warsztat\u00f3w dla Twojego zespo\u0142u? Chcesz popracowa\u0107<br>w niestandardowy spos\u00f3b, a Waszym celem jest:<\/p>\n\n\n\n<ul class=\"wp-block-list\">\n<li>Radzenie sobie w z trudnymi emocjami oraz sytuacjami nieoczekiwanych zmian&nbsp;<\/li>\n\n\n\n<li>Uwolnienie stresu i napi\u0119\u0107<\/li>\n\n\n\n<li>Okie\u0142znanie sytuacji konfliktowych&nbsp;<\/li>\n<\/ul>\n\n\n\n<p><a href=\"https:\/\/patrycjatruszkowska.pl\/index.php\/kontakt\/\" data-type=\"link\" data-id=\"https:\/\/patrycjatruszkowska.pl\/index.php\/kontakt\/\">ZAM\u00d3W OFERT\u0118<\/a><\/p>\n","protected":false},"excerpt":{"rendered":"<p>Warsztaty indywidualne i grupowe dla ka\u017cdego. Arteterapia wspiera rozw\u00f3j osobisty, samopoznanie i samo\u015bwiadomo\u015b\u0107. Pomaga r\u00f3wnie\u017c radzi\u0107 sobie z trudnymi emocjami jak i stresem. Pobudza tak\u017ce do kreatywno\u015bci jak i my\u015blenia krytycznego. Spotkania grupowe W trakcie spotka\u0144 pracujemy nad r\u00f3\u017cnymi tematami. Tworzymy prace w oparciu o kr\u00f3tkie wprowadzenie oraz wsp\u00f3ln\u0105 wizualizacj\u0119. Na koniec prowadzimy rozmow\u0119 na &hellip; <\/p>\n<p class=\"link-more\"><a href=\"https:\/\/patrycjatruszkowska.pl\/index.php\/hello-arte\/\" class=\"more-link\">Czytaj dalej<span class=\"screen-reader-text\"> \u201eHello arte\u201d<\/span><\/a><\/p>\n","protected":false},"author":1,"featured_media":0,"parent":0,"menu_order":0,"comment_status":"closed","ping_status":"closed","template":"","meta":{"footnotes":""},"class_list":["post-28","page","type-page","status-publish","hentry"],"_links":{"self":[{"href":"https:\/\/patrycjatruszkowska.pl\/index.php\/wp-json\/wp\/v2\/pages\/28","targetHints":{"allow":["GET"]}}],"collection":[{"href":"https:\/\/patrycjatruszkowska.pl\/index.php\/wp-json\/wp\/v2\/pages"}],"about":[{"href":"https:\/\/patrycjatruszkowska.pl\/index.php\/wp-json\/wp\/v2\/types\/page"}],"author":[{"embeddable":true,"href":"https:\/\/patrycjatruszkowska.pl\/index.php\/wp-json\/wp\/v2\/users\/1"}],"replies":[{"embeddable":true,"href":"https:\/\/patrycjatruszkowska.pl\/index.php\/wp-json\/wp\/v2\/comments?post=28"}],"version-history":[{"count":34,"href":"https:\/\/patrycjatruszkowska.pl\/index.php\/wp-json\/wp\/v2\/pages\/28\/revisions"}],"predecessor-version":[{"id":124,"href":"https:\/\/patrycjatruszkowska.pl\/index.php\/wp-json\/wp\/v2\/pages\/28\/revisions\/124"}],"wp:attachment":[{"href":"https:\/\/patrycjatruszkowska.pl\/index.php\/wp-json\/wp\/v2\/media?parent=28"}],"curies":[{"name":"wp","href":"https:\/\/api.w.org\/{rel}","templated":true}]}}