{"id":294,"date":"2025-02-16T17:17:27","date_gmt":"2025-02-16T17:17:27","guid":{"rendered":"https:\/\/patrycjatruszkowska.pl\/?page_id=294"},"modified":"2025-02-16T17:17:27","modified_gmt":"2025-02-16T17:17:27","slug":"regulamin-i-polityka-prywatnosci","status":"publish","type":"page","link":"https:\/\/patrycjatruszkowska.pl\/index.php\/regulamin-i-polityka-prywatnosci\/","title":{"rendered":"Regulamin i polityka prywatno\u015bci"},"content":{"rendered":"\n<p>Dzie\u0144 dobry,<\/p>\n\n\n\n<p>Ciesz\u0119 si\u0119, \u017ce zatrzyma\u0142e\u015b si\u0119 przy tym regulaminie. To oznacza, \u017ce tak jak ja, cenisz sobie przejrzysto\u015b\u0107 i \u015bwiadome budowanie relacji. Newsletter, kt\u00f3ry tworz\u0119, to przestrze\u0144, gdzie dziel\u0119 si\u0119 wiedz\u0105 o arteterapii, terapii, kreatywnym rozwoju i wewn\u0119trznym spokoju. Poni\u017cej znajdziesz wszystkie potrzebne informacje o zasadach jego funkcjonowania, przedstawione w prosty i transparentny spos\u00f3b.<\/p>\n\n\n\n<p>Je\u015bli masz jakiekolwiek pytania, zawsze mo\u017cesz napisa\u0107 do mnie na adres: <a href=\"mailto:kontakt@patrycjatruszkowska.pl\">kontakt@patrycjatruszkowska.pl<\/a><\/p>\n\n\n\n<p>\u00a71 INFORMACJE O US\u0141UGODAWCY<\/p>\n\n\n\n<p>Us\u0142ugi i tre\u015bci cyfrowe udost\u0119pniane w ramach Newslettera \u015bwiadczone s\u0105 przez Patrycj\u0119 Truszkowsk\u0105, prowadz\u0105c\u0105 dzia\u0142alno\u015b\u0107 pod adresem ul. Stefana Kopci\u0144skiego 4\/1, NIP: 5262686515 (dalej jako Us\u0142ugodawca). We wszelkich sprawach mo\u017cesz skontaktowa\u0107 si\u0119 ze mn\u0105 pisz\u0105c na adres e-mail: <a href=\"mailto:kontakt@patrycjatruszkowska.pl\">kontakt@patrycjatruszkowska.pl<\/a><\/p>\n\n\n\n<p>\u00a72 NEWSLETTER &#8211; NAJWA\u017bNIEJSZE INFORMACJE<\/p>\n\n\n\n<p>Newsletter wysy\u0142any jest na wskazany przez Ciebie adres e-mail. W ramach Newslettera udost\u0119pniane s\u0105 tre\u015bci edukacyjne, a tak\u017ce informacje o nowych materia\u0142ach, aktualnych promocjach, zni\u017ckach oraz inne informacje o produktach i us\u0142ugach oferowanych przez Us\u0142ugodawc\u0119. W przypadku gdy w ramach Newslettera udost\u0119pniana jest tre\u015b\u0107 cyfrowa (np. e-book), dost\u0119p do niej uzyskasz w spos\u00f3b wskazany w e-mailu (np. poprzez klikni\u0119cie aktywnego linku lub pobranie za\u0142\u0105cznika).<\/p>\n\n\n\n<p>\u00a73 ZASADY ZAPISU<\/p>\n\n\n\n<p>Aby zapisa\u0107 si\u0119 do Newslettera, nale\u017cy poda\u0107 sw\u00f3j adres e-mail oraz zaakceptowa\u0107 niniejszy regulamin. W niekt\u00f3rych przypadkach konieczne b\u0119dzie tak\u017ce potwierdzenie adresu e-mail poprzez klikni\u0119cie w link aktywacyjny. Z uwagi na to, \u017ce Newsletter kierowany jest do os\u00f3b powy\u017cej 16 roku \u017cycia, osoby m\u0142odsze potrzebuj\u0105 zgody opiekuna prawnego.<\/p>\n\n\n\n<p>\u00a74 DANE OSOBOWE<\/p>\n\n\n\n<p>Administratorem Twoich danych osobowych jest Patrycja Truszkowska. Twoje dane przetwarzane s\u0105 na podstawie Twojej zgody (Art. 6 ust. 1 lit. a RODO) w celu wysy\u0142ki newslettera i informacji marketingowych. Dane b\u0119d\u0105 przechowywane do momentu Twojej rezygnacji, a nast\u0119pnie zostan\u0105 usuni\u0119te w ci\u0105gu 30 dni.<\/p>\n\n\n\n<p>Do wysy\u0142ki newslettera wykorzystujemy narz\u0119dzie MailerLite, kt\u00f3re przechowuje dane na serwerach zlokalizowanych w Unii Europejskiej. W zwi\u0105zku z przetwarzaniem danych osobowych przys\u0142uguje Ci prawo dost\u0119pu do danych, ich sprostowania, usuni\u0119cia, ograniczenia przetwarzania, przenoszenia danych oraz wniesienia sprzeciwu. Masz tak\u017ce prawo wniesienia skargi do Prezesa Urz\u0119du Ochrony Danych Osobowych, prosz\u0119 jednak o wcze\u015bniejszy kontakt ze mn\u0105 w celu wyja\u015bnienia swoich w\u0105tpliwo\u015bci.&nbsp;<\/p>\n\n\n\n<p>\u00a75 REZYGNACJA Z NEWSLETTERA<\/p>\n\n\n\n<p>Z newslettera mo\u017cesz zrezygnowa\u0107 w dowolnym momencie. Wystarczy, \u017ce klikniesz link &#8222;wypisz si\u0119&#8221; znajduj\u0105cy si\u0119 w stopce ka\u017cdego newslettera lub wy\u015blesz tak\u0105 pro\u015bb\u0119 na adres: <a href=\"mailto:kontakt@patrycjatruszkowska.pl\">kontakt@patrycjatruszkowska.pl<\/a>. Po Twojej rezygnacji dane zostan\u0105 usuni\u0119te z bazy w ci\u0105gu 30 dni.<\/p>\n\n\n\n<p>\u00a76 REKLAMACJE<\/p>\n\n\n\n<p>Wszelkie reklamacje dotycz\u0105ce newslettera mo\u017cesz zg\u0142asza\u0107 mailowo na adres: <a href=\"mailto:kontakt@patrycjatruszkowska.pl\">kontakt@patrycjatruszkowska.pl<\/a>. Reklamacje rozpatrywane s\u0105 w terminie 14 dni roboczych od dnia ich otrzymania.<\/p>\n\n\n\n<p>\u00a77 POSTANOWIENIA KO\u0143COWE<\/p>\n\n\n\n<p>Us\u0142ugodawca zastrzega sobie prawo do wprowadzania zmian w regulaminie. O wszelkich zmianach zostaniesz poinformowany drog\u0105 mailow\u0105 z co najmniej 14-dniowym wyprzedzeniem. W przypadku braku akceptacji nowych warunk\u00f3w, mo\u017cesz zrezygnowa\u0107 z us\u0142ugi newslettera.<\/p>\n\n\n\n<p>\u00a78 PRAWA AUTORSKIE<\/p>\n\n\n\n<p>Wszystkie materia\u0142y udost\u0119pniane w ramach newslettera s\u0105 chronione prawem autorskim. Mo\u017cesz z nich korzysta\u0107 wy\u0142\u0105cznie na w\u0142asny u\u017cytek. Niedozwolone jest ich dalsze rozpowszechnianie, udost\u0119pnianie czy sprzeda\u017c.<\/p>\n\n\n\n<p>Regulamin obowi\u0105zuje od dnia 15.02.2025.<\/p>\n","protected":false},"excerpt":{"rendered":"<p>Dzie\u0144 dobry, Ciesz\u0119 si\u0119, \u017ce zatrzyma\u0142e\u015b si\u0119 przy tym regulaminie. To oznacza, \u017ce tak jak ja, cenisz sobie przejrzysto\u015b\u0107 i \u015bwiadome budowanie relacji. Newsletter, kt\u00f3ry tworz\u0119, to przestrze\u0144, gdzie dziel\u0119 si\u0119 wiedz\u0105 o arteterapii, terapii, kreatywnym rozwoju i wewn\u0119trznym spokoju. Poni\u017cej znajdziesz wszystkie potrzebne informacje o zasadach jego funkcjonowania, przedstawione w prosty i transparentny spos\u00f3b. &hellip; <\/p>\n<p class=\"link-more\"><a href=\"https:\/\/patrycjatruszkowska.pl\/index.php\/regulamin-i-polityka-prywatnosci\/\" class=\"more-link\">Czytaj dalej<span class=\"screen-reader-text\"> \u201eRegulamin i polityka prywatno\u015bci\u201d<\/span><\/a><\/p>\n","protected":false},"author":1,"featured_media":0,"parent":0,"menu_order":0,"comment_status":"closed","ping_status":"closed","template":"","meta":{"footnotes":""},"class_list":["post-294","page","type-page","status-publish","hentry"],"_links":{"self":[{"href":"https:\/\/patrycjatruszkowska.pl\/index.php\/wp-json\/wp\/v2\/pages\/294","targetHints":{"allow":["GET"]}}],"collection":[{"href":"https:\/\/patrycjatruszkowska.pl\/index.php\/wp-json\/wp\/v2\/pages"}],"about":[{"href":"https:\/\/patrycjatruszkowska.pl\/index.php\/wp-json\/wp\/v2\/types\/page"}],"author":[{"embeddable":true,"href":"https:\/\/patrycjatruszkowska.pl\/index.php\/wp-json\/wp\/v2\/users\/1"}],"replies":[{"embeddable":true,"href":"https:\/\/patrycjatruszkowska.pl\/index.php\/wp-json\/wp\/v2\/comments?post=294"}],"version-history":[{"count":1,"href":"https:\/\/patrycjatruszkowska.pl\/index.php\/wp-json\/wp\/v2\/pages\/294\/revisions"}],"predecessor-version":[{"id":295,"href":"https:\/\/patrycjatruszkowska.pl\/index.php\/wp-json\/wp\/v2\/pages\/294\/revisions\/295"}],"wp:attachment":[{"href":"https:\/\/patrycjatruszkowska.pl\/index.php\/wp-json\/wp\/v2\/media?parent=294"}],"curies":[{"name":"wp","href":"https:\/\/api.w.org\/{rel}","templated":true}]}}