{"id":57,"date":"2024-02-25T14:54:52","date_gmt":"2024-02-25T14:54:52","guid":{"rendered":"https:\/\/patrycjatruszkowska.pl\/?page_id=57"},"modified":"2024-02-25T21:14:19","modified_gmt":"2024-02-25T21:14:19","slug":"arteterapia","status":"publish","type":"page","link":"https:\/\/patrycjatruszkowska.pl\/index.php\/arteterapia\/","title":{"rendered":"Arteterapia"},"content":{"rendered":"\n<figure class=\"wp-block-image size-large\"><img loading=\"lazy\" decoding=\"async\" width=\"1024\" height=\"577\" src=\"https:\/\/patrycjatruszkowska.pl\/wp-content\/uploads\/2024\/02\/Hello-ARTE-2-1024x577.png\" alt=\"\" class=\"wp-image-161\" srcset=\"https:\/\/patrycjatruszkowska.pl\/wp-content\/uploads\/2024\/02\/Hello-ARTE-2-1024x577.png 1024w, https:\/\/patrycjatruszkowska.pl\/wp-content\/uploads\/2024\/02\/Hello-ARTE-2-300x169.png 300w, https:\/\/patrycjatruszkowska.pl\/wp-content\/uploads\/2024\/02\/Hello-ARTE-2-768x433.png 768w, https:\/\/patrycjatruszkowska.pl\/wp-content\/uploads\/2024\/02\/Hello-ARTE-2-1536x865.png 1536w, https:\/\/patrycjatruszkowska.pl\/wp-content\/uploads\/2024\/02\/Hello-ARTE-2-500x282.png 500w, https:\/\/patrycjatruszkowska.pl\/wp-content\/uploads\/2024\/02\/Hello-ARTE-2-800x451.png 800w, https:\/\/patrycjatruszkowska.pl\/wp-content\/uploads\/2024\/02\/Hello-ARTE-2-1280x721.png 1280w, https:\/\/patrycjatruszkowska.pl\/wp-content\/uploads\/2024\/02\/Hello-ARTE-2.png 1640w\" sizes=\"auto, (max-width: 767px) 89vw, (max-width: 1000px) 54vw, (max-width: 1071px) 543px, 580px\" \/><\/figure>\n\n\n\n<p>To forma pracy rozwojowej.  Poprzez wykorzystanie procesu tw\u00f3rczego pozwala na:<\/p>\n\n\n\n<ul class=\"wp-block-list\">\n<li><strong>wyra\u017canie<\/strong> w\u0142asnych <strong>uczu\u0107<\/strong><\/li>\n\n\n\n<li>u\u015bwiadamianie i rozpoznanie <strong>emocji<\/strong><\/li>\n\n\n\n<li><strong>rozwi\u0105zywanie <\/strong>wewn\u0119trznych <strong>konflikt\u00f3w<\/strong><\/li>\n<\/ul>\n\n\n\n<p>Zaj\u0119cia <strong>arteterapeutyczne nie wymagaj\u0105<\/strong> \u017cadnych <strong>zdolno\u015bci plastycznych<\/strong>, znajomo\u015bci sztuki, czy umiej\u0119tno\u015bci manualnych.<\/p>\n\n\n\n<p>Arteterapia<\/p>\n\n\n\n<ul class=\"wp-block-list\">\n<li>s\u0142u\u017cy osobom w ka\u017cdym wieku<\/li>\n\n\n\n<li>wspiera rozw\u00f3j osobisty<\/li>\n\n\n\n<li>poprawia samopoczucie<\/li>\n<\/ul>\n\n\n\n<p>W tkacie spotka\u0144 korzystamy z r\u00f3\u017cnych technik, takich jak: <strong>malowanie, rysowanie,<\/strong> <strong>lepienie z gliny, taniec i ruch, pisanie, kola\u017c czy muzykoterapia<\/strong><\/p>\n\n\n\n<p>Arteterapia<\/p>\n\n\n\n<ul class=\"wp-block-list\">\n<li>Umo\u017cliwia wyra\u017cenie tego, co trudne do ubrania w s\u0142owa<\/li>\n\n\n\n<li>Pomaga w zrozumieniu siebie<\/li>\n\n\n\n<li>Wspiera w radzeniu sobie ze stresem<\/li>\n\n\n\n<li>Relaksuje uwalniaj\u0105c napi\u0119cia i odpr\u0119\u017caj\u0105c<\/li>\n<\/ul>\n","protected":false},"excerpt":{"rendered":"<p>To forma pracy rozwojowej. Poprzez wykorzystanie procesu tw\u00f3rczego pozwala na: Zaj\u0119cia arteterapeutyczne nie wymagaj\u0105 \u017cadnych zdolno\u015bci plastycznych, znajomo\u015bci sztuki, czy umiej\u0119tno\u015bci manualnych. Arteterapia W tkacie spotka\u0144 korzystamy z r\u00f3\u017cnych technik, takich jak: malowanie, rysowanie, lepienie z gliny, taniec i ruch, pisanie, kola\u017c czy muzykoterapia Arteterapia<\/p>\n","protected":false},"author":1,"featured_media":0,"parent":0,"menu_order":0,"comment_status":"closed","ping_status":"closed","template":"","meta":{"footnotes":""},"class_list":["post-57","page","type-page","status-publish","hentry"],"_links":{"self":[{"href":"https:\/\/patrycjatruszkowska.pl\/index.php\/wp-json\/wp\/v2\/pages\/57","targetHints":{"allow":["GET"]}}],"collection":[{"href":"https:\/\/patrycjatruszkowska.pl\/index.php\/wp-json\/wp\/v2\/pages"}],"about":[{"href":"https:\/\/patrycjatruszkowska.pl\/index.php\/wp-json\/wp\/v2\/types\/page"}],"author":[{"embeddable":true,"href":"https:\/\/patrycjatruszkowska.pl\/index.php\/wp-json\/wp\/v2\/users\/1"}],"replies":[{"embeddable":true,"href":"https:\/\/patrycjatruszkowska.pl\/index.php\/wp-json\/wp\/v2\/comments?post=57"}],"version-history":[{"count":13,"href":"https:\/\/patrycjatruszkowska.pl\/index.php\/wp-json\/wp\/v2\/pages\/57\/revisions"}],"predecessor-version":[{"id":169,"href":"https:\/\/patrycjatruszkowska.pl\/index.php\/wp-json\/wp\/v2\/pages\/57\/revisions\/169"}],"wp:attachment":[{"href":"https:\/\/patrycjatruszkowska.pl\/index.php\/wp-json\/wp\/v2\/media?parent=57"}],"curies":[{"name":"wp","href":"https:\/\/api.w.org\/{rel}","templated":true}]}}